{"id":89,"date":"2021-12-08T17:17:00","date_gmt":"2021-12-08T16:17:00","guid":{"rendered":"https:\/\/amunckformation.com\/index.php\/mesmerize\/"},"modified":"2026-03-18T14:07:29","modified_gmt":"2026-03-18T13:07:29","slug":"page-daccueil-amandine-munck-formation","status":"publish","type":"page","link":"https:\/\/amunckformation.com\/","title":{"rendered":"Accueil"},"content":{"rendered":"<div  data-label=\"Features\" data-id=\"features--1\" data-export-id=\"features-13-card-bordered\" data-category=\"features\" class=\"features-13 content-section content-section-spacing\" id=\"features-1\" style=\"background-color: rgb(245, 250, 253); background-image: none;\"><div  class=\"gridContainer\"> <div  class=\"row text-center\"><div  class=\"section-title-col\" data-type=\"column\"> <h2  class=\"\" style=\"border-bottom-color: rgb(124, 182, 225);\"><span  style=\"font-family: &quot;Abril Fatface&quot;, arial, helvetica, sans-serif;\">Pourquoi choisir AMANDINE MUNCK FORMATION ?<\/span><\/h2> <\/div> <\/div> <div  class=\"row spaced-cols content-center-sm\" data-type=\"row\"> <div  class=\"col-sm-4\"> <div  class=\"card bordered y-move\" data-type=\"column\"> <i  class=\"fa icon fa-home reverse round big color9\"><\/i> <h4  class=\"\"><span  id=\"_mce_caret\" data-mce-bogus=\"1\" data-mce-type=\"format-caret\"><span  style=\"font-weight: 400;\"><font  face=\"Abril Fatface, arial, helvetica, sans-serif\">Un accompagnement sur mesure<\/font><span  style=\"font-family: Roboto, arial, helvetica, sans-serif;\">\ufeff<span  id=\"_mce_caret\" data-mce-bogus=\"1\" data-mce-type=\"format-caret\"><span  style=\"font-family: &quot;Abril Fatface&quot;, arial, helvetica, sans-serif;\">\ufeff<\/span><\/span><\/span><\/span><\/span><\/h4> <p  class=\"\"><span  id=\"_mce_caret\" data-mce-bogus=\"1\" data-mce-type=\"format-caret\"><span  style=\"font-family: Roboto, arial, helvetica, sans-serif;\">Programme co-construit avec vous, adapt\u00e9 \u00e0 votre r\u00e9alit\u00e9 professionnelle ou personnelle. Pas de programme fig\u00e9, uniquement ce dont vous avez besoin.<\/span><\/span><\/p> <\/div> <\/div> <div  class=\"col-sm-4\"> <div  class=\"card bordered y-move\" data-type=\"column\"> <i  class=\"fa icon fa-bar-chart reverse round big color7\"><\/i> <h4  class=\"\"><span  id=\"_mce_caret\" data-mce-bogus=\"1\" data-mce-type=\"format-caret\"><span  style=\"font-family: &quot;Abril Fatface&quot;, arial, helvetica, sans-serif;\"><span  style=\"font-weight: 400;\">80% de pratique<\/span>\ufeff<span  id=\"_mce_caret\" data-mce-bogus=\"1\" data-mce-type=\"format-caret\"><span  style=\"font-weight: 400;\">\ufeff<\/span><\/span><\/span><\/span><\/h4> <p  class=\"\"><span  style=\"font-family: Roboto, arial, helvetica, sans-serif;\">Vous apprenez en faisant, avec des exercices issus directement de votre quotidien.<\/span><\/p> <\/div> <\/div> <div  class=\"col-sm-4\"> <div  class=\"card bordered y-move\" data-type=\"column\"> <i  class=\"fa icon fa-address-card-o reverse round big color8\"><\/i> <h4  class=\"\"><span  style=\"font-weight: 400;\"><font  face=\"Abril Fatface, arial, helvetica, sans-serif\">Formatrice \u00e0 votre \u00e9coute<\/font><\/span><\/h4> <p  class=\"\"><span  style=\"font-family: Roboto, arial, helvetica, sans-serif;\">Individuel ou groupe de 6 max, en pr\u00e9sentiel en Alsace ou \u00e0 distance selon vos besoins.<\/span><\/p> <\/div> <\/div><\/div> <\/div><\/div><div  data-label=\"Features\" data-id=\"features--2\" data-export-id=\"features-13-card-bordered\" data-category=\"features\" class=\"features-13 content-section content-section-spacing\" id=\"features-2\" style=\"background-color: rgb(255, 255, 255);\"><div  class=\"gridContainer\"> <div  class=\"row text-center\"><div  class=\"section-title-col\" data-type=\"column\"> <h2  class=\"\">Mes formations&nbsp;<\/h2> <p  class=\"lead\" style=\"text-align: justify;\">Ce que je vous propose<br >\nDes formations adapt\u00e9es aux entreprises et aux particuliers, en Alsace et \u00e0 distance.<\/p><\/div> <\/div> <div  class=\"row spaced-cols content-center-sm\" data-type=\"row\"> <div  class=\"col-sm-4\"> <div  class=\"card bordered y-move\" data-type=\"column\"> <i  class=\"fa icon fa-desktop reverse round big color9\"><\/i> <h4  class=\"\">Bureautique<\/h4> <p  class=\"\">Word, Excel, PowerPoint, Outlook \u2014 Microsoft 365<\/p> <a  class=\"button y-move small color9\" href=\"https:\/\/amunckformation.com\/presentations-des-formations\/pour-les-entreprises-et-les-organismes-de-formations\/formation-bureautique\" target=\"_self\" data-cp-link=\"1\" data-icon=\"\">D\u00e9couvrir <\/a><\/div> <\/div> <div  class=\"col-sm-4\"> <div  class=\"card bordered y-move\" data-type=\"column\"> <i  class=\"fa icon fa-facebook reverse round big color8\"><\/i> <h4  class=\"\">R\u00e9seaux sociaux<\/h4> <p  class=\"\">Facebook, Instagram, LinkedIn \u2014 strat\u00e9gie et bonnes pratiques<\/p> <a  class=\"button y-move small color8\" href=\"https:\/\/amunckformation.com\/presentations-des-formations\/pour-les-entreprises-et-les-organismes-de-formations\/formation-reseaux-sociaux\" target=\"_self\" data-cp-link=\"1\" data-icon=\"\">D\u00e9couvrir <\/a><\/div> <\/div> <div  class=\"col-sm-4\"> <div  class=\"card bordered y-move\" data-type=\"column\"> <i  class=\"fa icon fa-child reverse round big color7\"><\/i> <h4  class=\"\">Ateliers particuliers<\/h4> <p  class=\"\">Ordinateur, smartphone, internet \u2014 accessible \u00e0 tous niveaux<\/p> <a  class=\"button y-move small color7\" href=\"https:\/\/amunckformation.com\/presentations-des-formations\/pour-les-particuliers\" target=\"_self\" data-cp-link=\"1\" data-icon=\"\">D\u00e9couvrir <\/a><\/div> <\/div><\/div> <\/div><\/div><div  data-label=\"Cta\" data-id=\"cta--1\" data-export-id=\"cta-centered-section-grid\" data-category=\"cta\" class=\"cta-centered-section-grid content-section content-section-spacing-medium bg-color1 white-text\" id=\"cta-1\"><div  class=\"gridContainer\"> <div  class=\"row text-center\"><div  class=\"col-xs-12 col-sm-10 col-sm-offset-1 col-md-8 col-md-offset-2\" data-type=\"column\"> <h2  class=\"\">Pr\u00eate \u00e0 vous accompagner !<\/h2> <p  class=\"\">Que vous soyez une entreprise ou un particulier, contactez-moi pour construire ensemble votre projet de formation sur mesure.&nbsp;<\/p> <a  class=\"button force-shadow color9\" href=\"https:\/\/amunckformation.com\/contact\" target=\"_self\" data-cp-link=\"1\" data-icon=\"\">Demander un devis gratuit <\/a><a  class=\"button force-shadow color1\" href=\"https:\/\/amunckformation.com\/wp-content\/uploads\/2026\/03\/catalogue-formation-bureautique-et-numeriques-2024.pdf\" target=\"_self\" data-cp-link=\"1\" data-icon=\"\">D\u00e9couvrir mes formations <\/a><\/div> <\/div><\/div> <\/div>","protected":false},"excerpt":{"rendered":"<p>Pourquoi choisir AMANDINE MUNCK FORMATION ? Un accompagnement sur mesure\ufeff\ufeff Programme co-construit avec vous, adapt\u00e9 \u00e0 votre r\u00e9alit\u00e9 professionnelle ou personnelle. Pas de programme fig\u00e9, uniquement ce dont vous avez besoin. 80% de pratique\ufeff\ufeff Vous apprenez en faisant, avec des exercices issus directement de votre quotidien. Formatrice \u00e0 votre \u00e9coute Individuel ou groupe de 6&hellip; <br \/> <a class=\"read-more\" href=\"https:\/\/amunckformation.com\/\">Lire la suite<\/a><\/p>\n","protected":false},"author":1,"featured_media":0,"parent":0,"menu_order":1,"comment_status":"closed","ping_status":"closed","template":"page-templates\/homepage.php","meta":{"footnotes":""},"class_list":["post-89","page","type-page","status-publish","hentry"],"yoast_head":"<!-- This site is optimized with the Yoast SEO plugin v27.4 - https:\/\/yoast.com\/product\/yoast-seo-wordpress\/ -->\n<title>Formations bureautique &amp; num\u00e9rique \u00e0 Colmar \u2014 AM Formation<\/title>\n<meta name=\"description\" content=\"Formatrice bureautique \u00e0 Colmar. Formations Pack Office, r\u00e9seaux sociaux et num\u00e9rique pour entreprises et particuliers. Certifi\u00e9e TOSA.\" \/>\n<meta name=\"robots\" content=\"index, follow, max-snippet:-1, max-image-preview:large, max-video-preview:-1\" \/>\n<link rel=\"canonical\" href=\"https:\/\/amunckformation.com\/\" \/>\n<meta property=\"og:locale\" content=\"fr_FR\" \/>\n<meta property=\"og:type\" content=\"article\" \/>\n<meta property=\"og:title\" content=\"Formations bureautique &amp; num\u00e9rique \u00e0 Colmar \u2014 AM Formation\" \/>\n<meta property=\"og:description\" content=\"Formatrice bureautique \u00e0 Colmar. Formations Pack Office, r\u00e9seaux sociaux et num\u00e9rique pour entreprises et particuliers. Certifi\u00e9e TOSA.\" \/>\n<meta property=\"og:url\" content=\"https:\/\/amunckformation.com\/\" \/>\n<meta property=\"og:site_name\" content=\"AMANDINE MUNCK FORMATION\" \/>\n<meta property=\"article:publisher\" content=\"https:\/\/www.facebook.com\/amandinemuncktaformatrice\" \/>\n<meta property=\"article:modified_time\" content=\"2026-03-18T13:07:29+00:00\" \/>\n<meta name=\"twitter:card\" content=\"summary_large_image\" \/>\n<meta name=\"twitter:label1\" content=\"Dur\u00e9e de lecture estim\u00e9e\" \/>\n\t<meta name=\"twitter:data1\" content=\"1 minute\" \/>\n<script type=\"application\/ld+json\" class=\"yoast-schema-graph\">{\"@context\":\"https:\\\/\\\/schema.org\",\"@graph\":[{\"@type\":\"WebPage\",\"@id\":\"https:\\\/\\\/amunckformation.com\\\/\",\"url\":\"https:\\\/\\\/amunckformation.com\\\/\",\"name\":\"Formations bureautique & num\u00e9rique \u00e0 Colmar \u2014 AM Formation\",\"isPartOf\":{\"@id\":\"https:\\\/\\\/amunckformation.com\\\/#website\"},\"datePublished\":\"2021-12-08T16:17:00+00:00\",\"dateModified\":\"2026-03-18T13:07:29+00:00\",\"description\":\"Formatrice bureautique \u00e0 Colmar. Formations Pack Office, r\u00e9seaux sociaux et num\u00e9rique pour entreprises et particuliers. Certifi\u00e9e TOSA.\",\"breadcrumb\":{\"@id\":\"https:\\\/\\\/amunckformation.com\\\/#breadcrumb\"},\"inLanguage\":\"fr-FR\",\"potentialAction\":[{\"@type\":\"ReadAction\",\"target\":[\"https:\\\/\\\/amunckformation.com\\\/\"]}]},{\"@type\":\"BreadcrumbList\",\"@id\":\"https:\\\/\\\/amunckformation.com\\\/#breadcrumb\",\"itemListElement\":[{\"@type\":\"ListItem\",\"position\":1,\"name\":\"Accueil\",\"item\":\"https:\\\/\\\/amunckformation.com\\\/\"},{\"@type\":\"ListItem\",\"position\":2,\"name\":\"Accueil\"}]},{\"@type\":\"WebSite\",\"@id\":\"https:\\\/\\\/amunckformation.com\\\/#website\",\"url\":\"https:\\\/\\\/amunckformation.com\\\/\",\"name\":\"AMANDINE MUNCK FORMATION\",\"description\":\"Se former pour am\u00e9liorer vos comp\u00e9tences num\u00e9riques et bureautiques pour simplifier votre quotidien\",\"publisher\":{\"@id\":\"https:\\\/\\\/amunckformation.com\\\/#\\\/schema\\\/person\\\/975793b2d99aa7eec5e3001e0e92f48e\"},\"potentialAction\":[{\"@type\":\"SearchAction\",\"target\":{\"@type\":\"EntryPoint\",\"urlTemplate\":\"https:\\\/\\\/amunckformation.com\\\/?s={search_term_string}\"},\"query-input\":{\"@type\":\"PropertyValueSpecification\",\"valueRequired\":true,\"valueName\":\"search_term_string\"}}],\"inLanguage\":\"fr-FR\"},{\"@type\":[\"Person\",\"Organization\"],\"@id\":\"https:\\\/\\\/amunckformation.com\\\/#\\\/schema\\\/person\\\/975793b2d99aa7eec5e3001e0e92f48e\",\"name\":\"Amandine Munck Formation\",\"image\":{\"@type\":\"ImageObject\",\"inLanguage\":\"fr-FR\",\"@id\":\"https:\\\/\\\/amunckformation.com\\\/wp-content\\\/uploads\\\/2023\\\/06\\\/cropped-logo.png\",\"url\":\"https:\\\/\\\/amunckformation.com\\\/wp-content\\\/uploads\\\/2023\\\/06\\\/cropped-logo.png\",\"contentUrl\":\"https:\\\/\\\/amunckformation.com\\\/wp-content\\\/uploads\\\/2023\\\/06\\\/cropped-logo.png\",\"width\":478,\"height\":223,\"caption\":\"Amandine Munck Formation\"},\"logo\":{\"@id\":\"https:\\\/\\\/amunckformation.com\\\/wp-content\\\/uploads\\\/2023\\\/06\\\/cropped-logo.png\"},\"sameAs\":[\"https:\\\/\\\/amunckformation.com\",\"https:\\\/\\\/www.facebook.com\\\/amandinemuncktaformatrice\",\"https:\\\/\\\/www.linkedin.com\\\/in\\\/amandine-munck-formation\\\/\"]}]}<\/script>\n<!-- \/ Yoast SEO plugin. -->","yoast_head_json":{"title":"Formations bureautique & num\u00e9rique \u00e0 Colmar \u2014 AM Formation","description":"Formatrice bureautique \u00e0 Colmar. Formations Pack Office, r\u00e9seaux sociaux et num\u00e9rique pour entreprises et particuliers. Certifi\u00e9e TOSA.","robots":{"index":"index","follow":"follow","max-snippet":"max-snippet:-1","max-image-preview":"max-image-preview:large","max-video-preview":"max-video-preview:-1"},"canonical":"https:\/\/amunckformation.com\/","og_locale":"fr_FR","og_type":"article","og_title":"Formations bureautique & num\u00e9rique \u00e0 Colmar \u2014 AM Formation","og_description":"Formatrice bureautique \u00e0 Colmar. Formations Pack Office, r\u00e9seaux sociaux et num\u00e9rique pour entreprises et particuliers. Certifi\u00e9e TOSA.","og_url":"https:\/\/amunckformation.com\/","og_site_name":"AMANDINE MUNCK FORMATION","article_publisher":"https:\/\/www.facebook.com\/amandinemuncktaformatrice","article_modified_time":"2026-03-18T13:07:29+00:00","twitter_card":"summary_large_image","twitter_misc":{"Dur\u00e9e de lecture estim\u00e9e":"1 minute"},"schema":{"@context":"https:\/\/schema.org","@graph":[{"@type":"WebPage","@id":"https:\/\/amunckformation.com\/","url":"https:\/\/amunckformation.com\/","name":"Formations bureautique & num\u00e9rique \u00e0 Colmar \u2014 AM Formation","isPartOf":{"@id":"https:\/\/amunckformation.com\/#website"},"datePublished":"2021-12-08T16:17:00+00:00","dateModified":"2026-03-18T13:07:29+00:00","description":"Formatrice bureautique \u00e0 Colmar. Formations Pack Office, r\u00e9seaux sociaux et num\u00e9rique pour entreprises et particuliers. Certifi\u00e9e TOSA.","breadcrumb":{"@id":"https:\/\/amunckformation.com\/#breadcrumb"},"inLanguage":"fr-FR","potentialAction":[{"@type":"ReadAction","target":["https:\/\/amunckformation.com\/"]}]},{"@type":"BreadcrumbList","@id":"https:\/\/amunckformation.com\/#breadcrumb","itemListElement":[{"@type":"ListItem","position":1,"name":"Accueil","item":"https:\/\/amunckformation.com\/"},{"@type":"ListItem","position":2,"name":"Accueil"}]},{"@type":"WebSite","@id":"https:\/\/amunckformation.com\/#website","url":"https:\/\/amunckformation.com\/","name":"AMANDINE MUNCK FORMATION","description":"Se former pour am\u00e9liorer vos comp\u00e9tences num\u00e9riques et bureautiques pour simplifier votre quotidien","publisher":{"@id":"https:\/\/amunckformation.com\/#\/schema\/person\/975793b2d99aa7eec5e3001e0e92f48e"},"potentialAction":[{"@type":"SearchAction","target":{"@type":"EntryPoint","urlTemplate":"https:\/\/amunckformation.com\/?s={search_term_string}"},"query-input":{"@type":"PropertyValueSpecification","valueRequired":true,"valueName":"search_term_string"}}],"inLanguage":"fr-FR"},{"@type":["Person","Organization"],"@id":"https:\/\/amunckformation.com\/#\/schema\/person\/975793b2d99aa7eec5e3001e0e92f48e","name":"Amandine Munck Formation","image":{"@type":"ImageObject","inLanguage":"fr-FR","@id":"https:\/\/amunckformation.com\/wp-content\/uploads\/2023\/06\/cropped-logo.png","url":"https:\/\/amunckformation.com\/wp-content\/uploads\/2023\/06\/cropped-logo.png","contentUrl":"https:\/\/amunckformation.com\/wp-content\/uploads\/2023\/06\/cropped-logo.png","width":478,"height":223,"caption":"Amandine Munck Formation"},"logo":{"@id":"https:\/\/amunckformation.com\/wp-content\/uploads\/2023\/06\/cropped-logo.png"},"sameAs":["https:\/\/amunckformation.com","https:\/\/www.facebook.com\/amandinemuncktaformatrice","https:\/\/www.linkedin.com\/in\/amandine-munck-formation\/"]}]}},"_links":{"self":[{"href":"https:\/\/amunckformation.com\/wp-json\/wp\/v2\/pages\/89","targetHints":{"allow":["GET"]}}],"collection":[{"href":"https:\/\/amunckformation.com\/wp-json\/wp\/v2\/pages"}],"about":[{"href":"https:\/\/amunckformation.com\/wp-json\/wp\/v2\/types\/page"}],"author":[{"embeddable":true,"href":"https:\/\/amunckformation.com\/wp-json\/wp\/v2\/users\/1"}],"replies":[{"embeddable":true,"href":"https:\/\/amunckformation.com\/wp-json\/wp\/v2\/comments?post=89"}],"version-history":[{"count":44,"href":"https:\/\/amunckformation.com\/wp-json\/wp\/v2\/pages\/89\/revisions"}],"predecessor-version":[{"id":754,"href":"https:\/\/amunckformation.com\/wp-json\/wp\/v2\/pages\/89\/revisions\/754"}],"wp:attachment":[{"href":"https:\/\/amunckformation.com\/wp-json\/wp\/v2\/media?parent=89"}],"curies":[{"name":"wp","href":"https:\/\/api.w.org\/{rel}","templated":true}]}}